{"id":25,"date":"2016-09-20T14:02:37","date_gmt":"2016-09-20T12:02:37","guid":{"rendered":"https:\/\/www.agoralogie.fr\/castrum\/?page_id=25"},"modified":"2020-02-26T18:05:56","modified_gmt":"2020-02-26T17:05:56","slug":"organisation","status":"publish","type":"page","link":"https:\/\/www.agoralogie.fr\/castrum\/index.php\/organisation\/","title":{"rendered":"Organisation et co\u00fbts"},"content":{"rendered":"<h5>Phase de lancement\u00a0du projet<\/h5>\n<p>Une r\u00e9union de mise en place avec un ing\u00e9nieur r\u00e9seau, pour valider les interactions \u00e9ventuelles avec votre syst\u00e8me d&rsquo;information actuel, en particulier la gestion\u00a0de votre nom de domaine, et \u00e9tudier les charges probables.<\/p>\n<p>Nous\u00a0commandons\u00a0pour vous\u00a0un serveur, dimensionn\u00e9 en fonction\u00a0de vos usages. Nous assurons l&rsquo;info-g\u00e9rance de ce serveur et\u00a0nous installons notre projet Castrum (sous une adresse https:\/\/intranet.votrenomdedomaine.fr ou autre de votre pr\u00e9f\u00e9rence).<\/p>\n<h5>Phase d&rsquo;exploitation<\/h5>\n<p>L&rsquo;info-g\u00e9rance du serveur (mises \u00e0 jour de s\u00e9curit\u00e9 Unix, mont\u00e9es de niveau de Castrum, suivi des certificats et du\u00a0sous-domaine) est factur\u00e9 <strong>39,5 euros HT<\/strong>\/mois, comprenant un serveur d\u00e9di\u00e9 suffisant pour une structure moyenne (500 fichiers partag\u00e9s par jour, maximum\u00a02 Go par fichier) . Ce prix inclue un certificat SSL \u00e9dit\u00e9 par Let&rsquo;s Encrypt.<\/p>\n<p>Cela signifie que vous investirez\u00a0<strong>474 euros HT<\/strong> par an pour ne plus jamais envoyer un fichier \u00e0 un client par dropbox, wetransfer, et autre googledrive (sans parler de pi\u00e8ces en clair jointes \u00a0\u00e0 un mail non s\u00e9curis\u00e9), pour ne plus utiliser que des\u00a0des canaux\u00a0chiffr\u00e9s et contr\u00f4l\u00e9s par vous jusqu&rsquo;au poste de travail\u00a0de votre client .<\/p>\n","protected":false},"excerpt":{"rendered":"<p>Phase de lancement\u00a0du projet Une r\u00e9union de mise en place avec un ing\u00e9nieur r\u00e9seau, pour valider les interactions \u00e9ventuelles avec votre syst\u00e8me d&rsquo;information actuel, en particulier la gestion\u00a0de votre nom de domaine, et \u00e9tudier les charges probables. Nous\u00a0commandons\u00a0pour vous\u00a0un serveur, dimensionn\u00e9 en fonction\u00a0de vos usages. Nous assurons l&rsquo;info-g\u00e9rance de ce serveur et\u00a0nous installons notre projet &hellip; <a href=\"https:\/\/www.agoralogie.fr\/castrum\/index.php\/organisation\/\" class=\"more-link\">Continuer la lecture<span class=\"screen-reader-text\"> de &laquo;&nbsp;Organisation et co\u00fbts&nbsp;&raquo;<\/span><\/a><\/p>\n","protected":false},"author":2,"featured_media":0,"parent":0,"menu_order":0,"comment_status":"closed","ping_status":"closed","template":"","meta":{"footnotes":""},"class_list":["post-25","page","type-page","status-publish","hentry"],"_links":{"self":[{"href":"https:\/\/www.agoralogie.fr\/castrum\/index.php\/wp-json\/wp\/v2\/pages\/25","targetHints":{"allow":["GET"]}}],"collection":[{"href":"https:\/\/www.agoralogie.fr\/castrum\/index.php\/wp-json\/wp\/v2\/pages"}],"about":[{"href":"https:\/\/www.agoralogie.fr\/castrum\/index.php\/wp-json\/wp\/v2\/types\/page"}],"author":[{"embeddable":true,"href":"https:\/\/www.agoralogie.fr\/castrum\/index.php\/wp-json\/wp\/v2\/users\/2"}],"replies":[{"embeddable":true,"href":"https:\/\/www.agoralogie.fr\/castrum\/index.php\/wp-json\/wp\/v2\/comments?post=25"}],"version-history":[{"count":28,"href":"https:\/\/www.agoralogie.fr\/castrum\/index.php\/wp-json\/wp\/v2\/pages\/25\/revisions"}],"predecessor-version":[{"id":158,"href":"https:\/\/www.agoralogie.fr\/castrum\/index.php\/wp-json\/wp\/v2\/pages\/25\/revisions\/158"}],"wp:attachment":[{"href":"https:\/\/www.agoralogie.fr\/castrum\/index.php\/wp-json\/wp\/v2\/media?parent=25"}],"curies":[{"name":"wp","href":"https:\/\/api.w.org\/{rel}","templated":true}]}}